{"id":1513,"date":"2020-11-05T17:51:33","date_gmt":"2020-11-05T22:51:33","guid":{"rendered":"https:\/\/www.asobancaria.com\/web-de-crisis\/?page_id=1513"},"modified":"2020-11-09T11:48:17","modified_gmt":"2020-11-09T16:48:17","slug":"plan-sectorial-de-proteccion-y-defensa-para-la-infraestructura-critica-cibernetica-del-sistema-financiero","status":"publish","type":"page","link":"https:\/\/www.asobancaria.com\/web-de-crisis\/plan-sectorial-de-proteccion-y-defensa-para-la-infraestructura-critica-cibernetica-del-sistema-financiero\/","title":{"rendered":"Plan Sectorial de protecci\u00f3n y Defensa para la infraestructura Critica Cibern\u00e9tica del Sistema Financiero"},"content":{"rendered":"\t\t<div data-elementor-type=\"wp-page\" data-elementor-id=\"1513\" class=\"elementor elementor-1513\" data-elementor-settings=\"[]\">\n\t\t\t\t\t\t<div class=\"elementor-inner\">\n\t\t\t\t\t\t\t<div class=\"elementor-section-wrap\">\n\t\t\t\t\t\t\t<section class=\"elementor-section elementor-top-section elementor-element elementor-element-8b516b9 elementor-section-stretched elementor-section-full_width elementor-section-height-default elementor-section-height-default\" data-id=\"8b516b9\" data-element_type=\"section\" data-settings=\"{&quot;stretch_section&quot;:&quot;section-stretched&quot;}\">\n\t\t\t\t\t\t<div class=\"elementor-container elementor-column-gap-no\">\n\t\t\t\t\t\t\t<div class=\"elementor-row\">\n\t\t\t\t\t<div class=\"elementor-column elementor-col-100 elementor-top-column elementor-element elementor-element-f1b6ce6\" data-id=\"f1b6ce6\" data-element_type=\"column\">\n\t\t\t<div class=\"elementor-column-wrap elementor-element-populated\">\n\t\t\t\t\t\t\t<div class=\"elementor-widget-wrap\">\n\t\t\t\t\t\t<div class=\"elementor-element elementor-element-68290c2 elementor-widget elementor-widget-image\" data-id=\"68290c2\" data-element_type=\"widget\" data-widget_type=\"image.default\">\n\t\t\t\t<div class=\"elementor-widget-container\">\n\t\t\t\t\t<div class=\"elementor-image\">\n\t\t\t\t\t\t\t\t\t\t<img width=\"1920\" height=\"450\" src=\"https:\/\/www.asobancaria.com\/web-de-crisis\/wp-content\/uploads\/2020\/05\/banner-no-agremiado.jpg\" class=\"attachment-full size-full\" alt=\"\" srcset=\"https:\/\/www.asobancaria.com\/web-de-crisis\/wp-content\/uploads\/2020\/05\/banner-no-agremiado.jpg 1920w, https:\/\/www.asobancaria.com\/web-de-crisis\/wp-content\/uploads\/2020\/05\/banner-no-agremiado-300x70.jpg 300w, https:\/\/www.asobancaria.com\/web-de-crisis\/wp-content\/uploads\/2020\/05\/banner-no-agremiado-1024x240.jpg 1024w, https:\/\/www.asobancaria.com\/web-de-crisis\/wp-content\/uploads\/2020\/05\/banner-no-agremiado-768x180.jpg 768w, https:\/\/www.asobancaria.com\/web-de-crisis\/wp-content\/uploads\/2020\/05\/banner-no-agremiado-1536x360.jpg 1536w\" sizes=\"(max-width: 1920px) 100vw, 1920px\" \/>\t\t\t\t\t\t\t\t\t\t\t<\/div>\n\t\t\t\t<\/div>\n\t\t\t\t<\/div>\n\t\t\t\t\t\t<\/div>\n\t\t\t\t\t<\/div>\n\t\t<\/div>\n\t\t\t\t\t\t\t\t<\/div>\n\t\t\t\t\t<\/div>\n\t\t<\/section>\n\t\t\t\t<section class=\"elementor-section elementor-top-section elementor-element elementor-element-c9af5de elementor-section-stretched elementor-section-boxed elementor-section-height-default elementor-section-height-default\" data-id=\"c9af5de\" data-element_type=\"section\" data-settings=\"{&quot;stretch_section&quot;:&quot;section-stretched&quot;,&quot;background_background&quot;:&quot;classic&quot;}\">\n\t\t\t\t\t\t<div class=\"elementor-container elementor-column-gap-default\">\n\t\t\t\t\t\t\t<div class=\"elementor-row\">\n\t\t\t\t\t<div class=\"elementor-column elementor-col-66 elementor-top-column elementor-element elementor-element-1a232d6\" data-id=\"1a232d6\" data-element_type=\"column\">\n\t\t\t<div class=\"elementor-column-wrap elementor-element-populated\">\n\t\t\t\t\t\t\t<div class=\"elementor-widget-wrap\">\n\t\t\t\t\t\t<div class=\"elementor-element elementor-element-c9e3cdc titulo-verde elementor-widget elementor-widget-heading\" data-id=\"c9e3cdc\" data-element_type=\"widget\" data-widget_type=\"heading.default\">\n\t\t\t\t<div class=\"elementor-widget-container\">\n\t\t\t<h2 class=\"elementor-heading-title elementor-size-xl\">PLAN SECTORIAL DE INFRAESTRUCTURA <\/h2>\t\t<\/div>\n\t\t\t\t<\/div>\n\t\t\t\t<div class=\"elementor-element elementor-element-32e636e elementor-widget elementor-widget-text-editor\" data-id=\"32e636e\" data-element_type=\"widget\" data-widget_type=\"text-editor.default\">\n\t\t\t\t<div class=\"elementor-widget-container\">\n\t\t\t\t\t<div class=\"elementor-text-editor elementor-clearfix\"><p>El presente plan define los lineamientos generales que deben adoptar los diversos actores, due\u00f1os y operadores de infraestructuras cr\u00edticas cibern\u00e9ticas (ICC) del sector financiero colombiano. En este documento encontrar\u00e1 un compendio de lineamientos y buenas pr\u00e1cticas para todo el sector financiero ante ataques cibern\u00e9ticos o incidentes que afectan la continuidad del negocio.<\/p><\/div>\n\t\t\t\t<\/div>\n\t\t\t\t<\/div>\n\t\t\t\t<div class=\"elementor-element elementor-element-23c32fe elementor-widget elementor-widget-heading\" data-id=\"23c32fe\" data-element_type=\"widget\" data-widget_type=\"heading.default\">\n\t\t\t\t<div class=\"elementor-widget-container\">\n\t\t\t<h2 class=\"elementor-heading-title elementor-size-default\">Conoce las recomendaciones completas descargando la cartilla <\/h2>\t\t<\/div>\n\t\t\t\t<\/div>\n\t\t\t\t<div class=\"elementor-element elementor-element-42d9953 elementor-align-center elementor-widget elementor-widget-button\" data-id=\"42d9953\" data-element_type=\"widget\" data-widget_type=\"button.default\">\n\t\t\t\t<div class=\"elementor-widget-container\">\n\t\t\t\t\t<div class=\"elementor-button-wrapper\">\n\t\t\t<a href=\"https:\/\/www.asobancaria.com\/web-de-crisis\/wp-content\/uploads\/2020\/09\/PLAN-SECTORIAL-FINANCIERO_8-de-noviembre-2018-003.pdf\" class=\"elementor-button-link elementor-button elementor-size-sm\" role=\"button\">\n\t\t\t\t\t\t<span class=\"elementor-button-content-wrapper\">\n\t\t\t\t\t\t<span class=\"elementor-button-text\">Descargar aqu\u00ed<\/span>\n\t\t<\/span>\n\t\t\t\t\t<\/a>\n\t\t<\/div>\n\t\t\t\t<\/div>\n\t\t\t\t<\/div>\n\t\t\t\t<section class=\"elementor-section elementor-inner-section elementor-element elementor-element-418ed1b elementor-hidden-desktop elementor-hidden-tablet elementor-hidden-phone elementor-section-boxed elementor-section-height-default elementor-section-height-default\" data-id=\"418ed1b\" data-element_type=\"section\">\n\t\t\t\t\t\t<div class=\"elementor-container elementor-column-gap-default\">\n\t\t\t\t\t\t\t<div class=\"elementor-row\">\n\t\t\t\t\t<div class=\"elementor-column elementor-col-66 elementor-inner-column elementor-element elementor-element-99fa149\" data-id=\"99fa149\" data-element_type=\"column\">\n\t\t\t<div class=\"elementor-column-wrap elementor-element-populated\">\n\t\t\t\t\t\t\t<div class=\"elementor-widget-wrap\">\n\t\t\t\t\t\t<div class=\"elementor-element elementor-element-59f3629 elementor-widget elementor-widget-image\" data-id=\"59f3629\" data-element_type=\"widget\" data-widget_type=\"image.default\">\n\t\t\t\t<div class=\"elementor-widget-container\">\n\t\t\t\t\t<div class=\"elementor-image\">\n\t\t\t\t\t\t\t\t\t\t<img width=\"247\" height=\"364\" src=\"https:\/\/www.asobancaria.com\/web-de-crisis\/wp-content\/uploads\/2020\/05\/recomendaciones-gremiales-1.jpg\" class=\"attachment-full size-full\" alt=\"\" srcset=\"https:\/\/www.asobancaria.com\/web-de-crisis\/wp-content\/uploads\/2020\/05\/recomendaciones-gremiales-1.jpg 247w, https:\/\/www.asobancaria.com\/web-de-crisis\/wp-content\/uploads\/2020\/05\/recomendaciones-gremiales-1-204x300.jpg 204w\" sizes=\"(max-width: 247px) 100vw, 247px\" \/>\t\t\t\t\t\t\t\t\t\t\t<\/div>\n\t\t\t\t<\/div>\n\t\t\t\t<\/div>\n\t\t\t\t\t\t<\/div>\n\t\t\t\t\t<\/div>\n\t\t<\/div>\n\t\t\t\t<div class=\"elementor-column elementor-col-33 elementor-inner-column elementor-element elementor-element-8a2a30a\" data-id=\"8a2a30a\" data-element_type=\"column\">\n\t\t\t<div class=\"elementor-column-wrap\">\n\t\t\t\t\t\t\t<div class=\"elementor-widget-wrap\">\n\t\t\t\t\t\t\t\t<\/div>\n\t\t\t\t\t<\/div>\n\t\t<\/div>\n\t\t\t\t\t\t\t\t<\/div>\n\t\t\t\t\t<\/div>\n\t\t<\/section>\n\t\t\t\t\t\t<\/div>\n\t\t\t\t\t<\/div>\n\t\t<\/div>\n\t\t\t\t<div class=\"elementor-column elementor-col-33 elementor-top-column elementor-element elementor-element-878ef55\" data-id=\"878ef55\" data-element_type=\"column\">\n\t\t\t<div class=\"elementor-column-wrap elementor-element-populated\">\n\t\t\t\t\t\t\t<div class=\"elementor-widget-wrap\">\n\t\t\t\t\t\t<div class=\"elementor-element elementor-element-6c18c22 elementor-widget elementor-widget-image\" data-id=\"6c18c22\" data-element_type=\"widget\" data-widget_type=\"image.default\">\n\t\t\t\t<div class=\"elementor-widget-container\">\n\t\t\t\t\t<div class=\"elementor-image\">\n\t\t\t\t\t\t\t\t\t\t<img width=\"335\" height=\"250\" src=\"https:\/\/www.asobancaria.com\/web-de-crisis\/wp-content\/uploads\/2020\/05\/durante-la-crisis.jpg\" class=\"attachment-full size-full\" alt=\"\" srcset=\"https:\/\/www.asobancaria.com\/web-de-crisis\/wp-content\/uploads\/2020\/05\/durante-la-crisis.jpg 335w, https:\/\/www.asobancaria.com\/web-de-crisis\/wp-content\/uploads\/2020\/05\/durante-la-crisis-300x224.jpg 300w\" sizes=\"(max-width: 335px) 100vw, 335px\" \/>\t\t\t\t\t\t\t\t\t\t\t<\/div>\n\t\t\t\t<\/div>\n\t\t\t\t<\/div>\n\t\t\t\t<div class=\"elementor-element elementor-element-4ea64f8 elementor-widget elementor-widget-image\" data-id=\"4ea64f8\" data-element_type=\"widget\" data-widget_type=\"image.default\">\n\t\t\t\t<div class=\"elementor-widget-container\">\n\t\t\t\t\t<div class=\"elementor-image\">\n\t\t\t\t\t\t\t\t\t\t<img width=\"334\" height=\"250\" src=\"https:\/\/www.asobancaria.com\/web-de-crisis\/wp-content\/uploads\/2020\/05\/protocolo-de-atencion.jpg\" class=\"attachment-full size-full\" alt=\"\" srcset=\"https:\/\/www.asobancaria.com\/web-de-crisis\/wp-content\/uploads\/2020\/05\/protocolo-de-atencion.jpg 334w, https:\/\/www.asobancaria.com\/web-de-crisis\/wp-content\/uploads\/2020\/05\/protocolo-de-atencion-300x225.jpg 300w\" sizes=\"(max-width: 334px) 100vw, 334px\" \/>\t\t\t\t\t\t\t\t\t\t\t<\/div>\n\t\t\t\t<\/div>\n\t\t\t\t<\/div>\n\t\t\t\t\t\t<\/div>\n\t\t\t\t\t<\/div>\n\t\t<\/div>\n\t\t\t\t\t\t\t\t<\/div>\n\t\t\t\t\t<\/div>\n\t\t<\/section>\n\t\t\t\t<section class=\"elementor-section elementor-top-section elementor-element elementor-element-f566fe7 elementor-section-stretched elementor-hidden-desktop elementor-hidden-tablet elementor-hidden-phone elementor-section-boxed elementor-section-height-default elementor-section-height-default\" data-id=\"f566fe7\" data-element_type=\"section\" data-settings=\"{&quot;stretch_section&quot;:&quot;section-stretched&quot;,&quot;background_background&quot;:&quot;classic&quot;}\">\n\t\t\t\t\t\t<div class=\"elementor-container elementor-column-gap-default\">\n\t\t\t\t\t\t\t<div class=\"elementor-row\">\n\t\t\t\t\t<div class=\"elementor-column elementor-col-33 elementor-top-column elementor-element elementor-element-e632dc2\" data-id=\"e632dc2\" data-element_type=\"column\">\n\t\t\t<div class=\"elementor-column-wrap elementor-element-populated\">\n\t\t\t\t\t\t\t<div class=\"elementor-widget-wrap\">\n\t\t\t\t\t\t<div class=\"elementor-element elementor-element-f62a030 elementor-widget elementor-widget-heading\" data-id=\"f62a030\" data-element_type=\"widget\" data-widget_type=\"heading.default\">\n\t\t\t\t<div class=\"elementor-widget-container\">\n\t\t\t<h2 class=\"elementor-heading-title elementor-size-xl\">PREGUNTAS\nFRECUENTES<\/h2>\t\t<\/div>\n\t\t\t\t<\/div>\n\t\t\t\t\t\t<\/div>\n\t\t\t\t\t<\/div>\n\t\t<\/div>\n\t\t\t\t<div class=\"elementor-column elementor-col-66 elementor-top-column elementor-element elementor-element-42a5eb5\" data-id=\"42a5eb5\" data-element_type=\"column\">\n\t\t\t<div class=\"elementor-column-wrap elementor-element-populated\">\n\t\t\t\t\t\t\t<div class=\"elementor-widget-wrap\">\n\t\t\t\t\t\t<div class=\"elementor-element elementor-element-9101289 preguntas-fre elementor-widget elementor-widget-tfposts\" data-id=\"9101289\" data-element_type=\"widget\" data-widget_type=\"tfposts.default\">\n\t\t\t\t<div class=\"elementor-widget-container\">\n\t\t\t\t\t<div id=\"tf-posts-9101289\" class=\"tf-posts-wrap  has-carousel no-arrow has-bullets\" data-tabid=\"9101289\" data-loop=\"yes\" data-auto=\"yes\" data-column=\"1\" data-column2=\"1\" data-column3=\"1\" data-spacer=\"30\" data-prev_icon=\"\" data-next_icon=\"\" >\t\t\t\r\n\t\t\t<div class=\"tf-posts owl-carousel owl-theme list\">\t\r\n\t\t\t\t\t\t\t\t\t\t\r\n\t\t\t\t\t\t\t\t<div class=\"column\">\r\n\t\t\t\t\t<div class=\"entry blog-post\">\r\n\t\t\t\t\t\t\t\t\t\t\t\t\t<div class=\"featured-post\">\r\n\t\t\t\t\t\t\t\t<img src=\"https:\/\/www.asobancaria.com\/web-de-crisis\/wp-content\/uploads\/2020\/05\/avatar.png\" alt=\"image\">\r\n\t\t\t\t\t\t\t\t\t\t\t\t\t\t\t\t<a href=\"https:\/\/www.asobancaria.com\/web-de-crisis\/quien-esta-a-cargo-de-la-gestion-de-crisis-en-su-entidad-2\/\" class=\"overlay\">\r\n\t\t\t\t\t\t\t\t\t<i class=\"fas fa-plus\" aria-hidden=\"true\"><\/i>\t\t\t\t\t\t\t\t<\/a>\r\n\t\t\t\t\t\t\t\t\t\t\t\t\t\t\t<\/div>\r\n\t\t\t\t\t\t\t\t\t\t\t\t<div class=\"content\">\r\n\t\t\t\t\t\t\t\r\n\t\t\t\t\t\t\t\t\t\t\t\t\t\t\t<h2 class=\"title\"><a href=\"https:\/\/www.asobancaria.com\/web-de-crisis\/quien-esta-a-cargo-de-la-gestion-de-crisis-en-su-entidad-2\/\" title=\"\u00bfQui\u00e9n esta a cargo de la gesti\u00f3n de crisis en su entidad?\">\u00bfQui\u00e9n esta a cargo de la gesti\u00f3n de crisis en su entidad?<\/a><\/h2>\r\n\t\t\t\t\t\t\t\r\n\t\t\t\t\t\t\t\r\n\t\t\t\t\t\t\t\r\n\t\t\t\t\t\t\t\t\t\t\t\t\t\t\r\n\t\t\t\t\t\t\t\t\t\t\t\t\t\t\t<div class=\"tf-button-container left\">\r\n\t\t\t\t\t\t\t\t\t<a href=\"https:\/\/www.asobancaria.com\/web-de-crisis\/quien-esta-a-cargo-de-la-gestion-de-crisis-en-su-entidad-2\/\" class=\"tf-button bt_icon_after\">\r\n\t\t\t\t\t\t\t\t\t\tLeer m\u00e1s<i class=\"\" aria-hidden=\"true\"><\/i> \r\n\t\t\t\t\t\t\t\t\t<\/a>\r\n\t\t\t\t\t\t\t\t<\/div>\r\n\t\t\t\t\t\t\t\t\t\t\t\t\t\r\n\t\t\t\t\t\t<\/div>\r\n\t\t\t\t\t\t\t\t\t\t\t<\/div>\r\n\t\t\t\t<\/div>\r\n\t\t\t\t\t\t\t\t<div class=\"column\">\r\n\t\t\t\t\t<div class=\"entry blog-post\">\r\n\t\t\t\t\t\t\t\t\t\t\t\t\t<div class=\"featured-post\">\r\n\t\t\t\t\t\t\t\t<img src=\"https:\/\/www.asobancaria.com\/web-de-crisis\/wp-content\/uploads\/2020\/05\/avatar.png\" alt=\"image\">\r\n\t\t\t\t\t\t\t\t\t\t\t\t\t\t\t\t<a href=\"https:\/\/www.asobancaria.com\/web-de-crisis\/quien-esta-a-cargo-de-la-gestion-de-crisis-en-su-entidad\/\" class=\"overlay\">\r\n\t\t\t\t\t\t\t\t\t<i class=\"fas fa-plus\" aria-hidden=\"true\"><\/i>\t\t\t\t\t\t\t\t<\/a>\r\n\t\t\t\t\t\t\t\t\t\t\t\t\t\t\t<\/div>\r\n\t\t\t\t\t\t\t\t\t\t\t\t<div class=\"content\">\r\n\t\t\t\t\t\t\t\r\n\t\t\t\t\t\t\t\t\t\t\t\t\t\t\t<h2 class=\"title\"><a href=\"https:\/\/www.asobancaria.com\/web-de-crisis\/quien-esta-a-cargo-de-la-gestion-de-crisis-en-su-entidad\/\" title=\"\u00bfQui\u00e9n esta a cargo de la gesti\u00f3n de crisis en su entidad?\">\u00bfQui\u00e9n esta a cargo de la gesti\u00f3n de crisis en su entidad?<\/a><\/h2>\r\n\t\t\t\t\t\t\t\r\n\t\t\t\t\t\t\t\r\n\t\t\t\t\t\t\t\r\n\t\t\t\t\t\t\t\t\t\t\t\t\t\t\r\n\t\t\t\t\t\t\t\t\t\t\t\t\t\t\t<div class=\"tf-button-container left\">\r\n\t\t\t\t\t\t\t\t\t<a href=\"https:\/\/www.asobancaria.com\/web-de-crisis\/quien-esta-a-cargo-de-la-gestion-de-crisis-en-su-entidad\/\" class=\"tf-button bt_icon_after\">\r\n\t\t\t\t\t\t\t\t\t\tLeer m\u00e1s<i class=\"\" aria-hidden=\"true\"><\/i> \r\n\t\t\t\t\t\t\t\t\t<\/a>\r\n\t\t\t\t\t\t\t\t<\/div>\r\n\t\t\t\t\t\t\t\t\t\t\t\t\t\r\n\t\t\t\t\t\t<\/div>\r\n\t\t\t\t\t\t\t\t\t\t\t<\/div>\r\n\t\t\t\t<\/div>\r\n\t\t\t\t\t\t\t\t\t\t\t<\/div>\r\n\r\n\t\t\t\t\t<\/div>\r\n\r\n\t\t\t\t<\/div>\n\t\t\t\t<\/div>\n\t\t\t\t\t\t<\/div>\n\t\t\t\t\t<\/div>\n\t\t<\/div>\n\t\t\t\t\t\t\t\t<\/div>\n\t\t\t\t\t<\/div>\n\t\t<\/section>\n\t\t\t\t\t\t<\/div>\n\t\t\t\t\t\t<\/div>\n\t\t\t\t\t<\/div>\n\t\t","protected":false},"excerpt":{"rendered":"<p>PLAN SECTORIAL DE INFRAESTRUCTURA El presente plan define los lineamientos generales que deben adoptar los diversos actores, due\u00f1os y operadores de infraestructuras cr\u00edticas cibern\u00e9ticas (ICC) del sector financiero colombiano. En este documento encontrar\u00e1 un compendio de lineamientos y buenas pr\u00e1cticas para todo el sector financiero ante ataques cibern\u00e9ticos o incidentes que afectan la continuidad del [&hellip;]<\/p>\n","protected":false},"author":7,"featured_media":1570,"parent":0,"menu_order":0,"comment_status":"closed","ping_status":"closed","template":"fullwidth.php","meta":[],"categories":[],"tags":[],"yoast_head":"<!-- This site is optimized with the Yoast SEO plugin v15.5 - https:\/\/yoast.com\/wordpress\/plugins\/seo\/ -->\n<title>Gesti\u00f3n de Crisis<\/title>\n<meta name=\"robots\" content=\"index, follow, max-snippet:-1, max-image-preview:large, max-video-preview:-1\" \/>\n<link rel=\"canonical\" href=\"https:\/\/www.asobancaria.com\/web-de-crisis\/plan-sectorial-de-proteccion-y-defensa-para-la-infraestructura-critica-cibernetica-del-sistema-financiero\/\" \/>\n<meta property=\"og:locale\" content=\"es_ES\" \/>\n<meta property=\"og:type\" content=\"article\" \/>\n<meta property=\"og:title\" content=\"Gesti\u00f3n de Crisis\" \/>\n<meta property=\"og:description\" content=\"PLAN SECTORIAL DE INFRAESTRUCTURA El presente plan define los lineamientos generales que deben adoptar los diversos actores, due\u00f1os y operadores de infraestructuras cr\u00edticas cibern\u00e9ticas (ICC) del sector financiero colombiano. En este documento encontrar\u00e1 un compendio de lineamientos y buenas pr\u00e1cticas para todo el sector financiero ante ataques cibern\u00e9ticos o incidentes que afectan la continuidad del [&hellip;]\" \/>\n<meta property=\"og:url\" content=\"https:\/\/www.asobancaria.com\/web-de-crisis\/plan-sectorial-de-proteccion-y-defensa-para-la-infraestructura-critica-cibernetica-del-sistema-financiero\/\" \/>\n<meta property=\"og:site_name\" content=\"Frentes de Seguridad\" \/>\n<meta property=\"article:modified_time\" content=\"2020-11-09T16:48:17+00:00\" \/>\n<meta property=\"og:image\" content=\"https:\/\/www.asobancaria.com\/web-de-crisis\/wp-content\/uploads\/V2_390X250-px.png\" \/>\n\t<meta property=\"og:image:width\" content=\"390\" \/>\n\t<meta property=\"og:image:height\" content=\"250\" \/>\n<meta name=\"twitter:card\" content=\"summary_large_image\" \/>\n<meta name=\"twitter:label1\" content=\"Est. reading time\">\n\t<meta name=\"twitter:data1\" content=\"0 minutos\">\n<script type=\"application\/ld+json\" class=\"yoast-schema-graph\">{\"@context\":\"https:\/\/schema.org\",\"@graph\":[{\"@type\":\"WebSite\",\"@id\":\"https:\/\/www.asobancaria.com\/web-de-crisis\/#website\",\"url\":\"https:\/\/www.asobancaria.com\/web-de-crisis\/\",\"name\":\"Frentes de Seguridad\",\"description\":\"Asobancaria\",\"potentialAction\":[{\"@type\":\"SearchAction\",\"target\":\"https:\/\/www.asobancaria.com\/web-de-crisis\/?s={search_term_string}\",\"query-input\":\"required name=search_term_string\"}],\"inLanguage\":\"es-CO\"},{\"@type\":\"ImageObject\",\"@id\":\"https:\/\/www.asobancaria.com\/web-de-crisis\/plan-sectorial-de-proteccion-y-defensa-para-la-infraestructura-critica-cibernetica-del-sistema-financiero\/#primaryimage\",\"inLanguage\":\"es-CO\",\"url\":\"https:\/\/www.asobancaria.com\/web-de-crisis\/wp-content\/uploads\/V2_390X250-px.png\",\"width\":390,\"height\":250},{\"@type\":\"WebPage\",\"@id\":\"https:\/\/www.asobancaria.com\/web-de-crisis\/plan-sectorial-de-proteccion-y-defensa-para-la-infraestructura-critica-cibernetica-del-sistema-financiero\/#webpage\",\"url\":\"https:\/\/www.asobancaria.com\/web-de-crisis\/plan-sectorial-de-proteccion-y-defensa-para-la-infraestructura-critica-cibernetica-del-sistema-financiero\/\",\"name\":\"Gesti\\u00f3n de Crisis\",\"isPartOf\":{\"@id\":\"https:\/\/www.asobancaria.com\/web-de-crisis\/#website\"},\"primaryImageOfPage\":{\"@id\":\"https:\/\/www.asobancaria.com\/web-de-crisis\/plan-sectorial-de-proteccion-y-defensa-para-la-infraestructura-critica-cibernetica-del-sistema-financiero\/#primaryimage\"},\"datePublished\":\"2020-11-05T22:51:33+00:00\",\"dateModified\":\"2020-11-09T16:48:17+00:00\",\"inLanguage\":\"es-CO\",\"potentialAction\":[{\"@type\":\"ReadAction\",\"target\":[\"https:\/\/www.asobancaria.com\/web-de-crisis\/plan-sectorial-de-proteccion-y-defensa-para-la-infraestructura-critica-cibernetica-del-sistema-financiero\/\"]}]}]}<\/script>\n<!-- \/ Yoast SEO plugin. -->","acf":[],"_links":{"self":[{"href":"https:\/\/www.asobancaria.com\/web-de-crisis\/wp-json\/wp\/v2\/pages\/1513"}],"collection":[{"href":"https:\/\/www.asobancaria.com\/web-de-crisis\/wp-json\/wp\/v2\/pages"}],"about":[{"href":"https:\/\/www.asobancaria.com\/web-de-crisis\/wp-json\/wp\/v2\/types\/page"}],"author":[{"embeddable":true,"href":"https:\/\/www.asobancaria.com\/web-de-crisis\/wp-json\/wp\/v2\/users\/7"}],"replies":[{"embeddable":true,"href":"https:\/\/www.asobancaria.com\/web-de-crisis\/wp-json\/wp\/v2\/comments?post=1513"}],"version-history":[{"count":12,"href":"https:\/\/www.asobancaria.com\/web-de-crisis\/wp-json\/wp\/v2\/pages\/1513\/revisions"}],"predecessor-version":[{"id":1573,"href":"https:\/\/www.asobancaria.com\/web-de-crisis\/wp-json\/wp\/v2\/pages\/1513\/revisions\/1573"}],"wp:featuredmedia":[{"embeddable":true,"href":"https:\/\/www.asobancaria.com\/web-de-crisis\/wp-json\/wp\/v2\/media\/1570"}],"wp:attachment":[{"href":"https:\/\/www.asobancaria.com\/web-de-crisis\/wp-json\/wp\/v2\/media?parent=1513"}],"wp:term":[{"taxonomy":"category","embeddable":true,"href":"https:\/\/www.asobancaria.com\/web-de-crisis\/wp-json\/wp\/v2\/categories?post=1513"},{"taxonomy":"post_tag","embeddable":true,"href":"https:\/\/www.asobancaria.com\/web-de-crisis\/wp-json\/wp\/v2\/tags?post=1513"}],"curies":[{"name":"wp","href":"https:\/\/api.w.org\/{rel}","templated":true}]}}