{"id":1246,"date":"2020-09-16T15:00:22","date_gmt":"2020-09-16T20:00:22","guid":{"rendered":"https:\/\/www.asobancaria.com\/web-de-crisis\/?page_id=1246"},"modified":"2020-09-16T16:16:51","modified_gmt":"2020-09-16T21:16:51","slug":"recuperar-contrasena","status":"publish","type":"page","link":"https:\/\/www.asobancaria.com\/web-de-crisis\/recuperar-contrasena\/","title":{"rendered":"Recuperar contrase\u00f1a"},"content":{"rendered":"\n\r\n<div class=\"um um-password um-um_password_id\">\r\n\t<div class=\"um-form\">\r\n\t\t<form method=\"post\" action=\"\">\r\n\t\t\t\r\n\t\t\t\t<input type=\"hidden\" name=\"_um_password_reset\" id=\"_um_password_reset\" value=\"1\" \/>\r\n\r\n\t\t\t\t\t\t\t\t\t<div class=\"um-field um-field-block um-field-type_block\">\r\n\t\t\t\t\t\t<div class=\"um-field-block\">\r\n\t\t\t\t\t\t\t<div style=\"text-align:center;\">\r\n\t\t\t\t\t\t\t\t\nPara restablecer su contrase\u00f1a, ingrese su direcci\u00f3n de correo electr\u00f3nico o nombre de usuario a continuaci\u00f3n\t\t\t\t\t\t\t<\/div>\r\n\t\t\t\t\t\t<\/div>\r\n\t\t\t\t\t<\/div>\r\n\t\t\t\t<div  id=\"um_field_um_password_id_username_b\" class=\"um-field um-field-text  um-field-username_b um-field-text um-field-type_text\" data-key=\"username_b\"><div class=\"um-field-area\"><input  autocomplete=\"off\" class=\"um-form-field valid \" type=\"text\" name=\"username_b\" id=\"username_b\" value=\"\" placeholder=\"Digite su correo o usuario\" data-validate=\"\" data-key=\"username_b\" \/>\r\n\r\n\t\t\t\t\t\t<\/div><\/div>\r\n\t\t\t\t<div class=\"um-col-alt um-col-alt-b\">\r\n\r\n\t\t\t\t\t<div class=\"um-center\">\r\n\t\t\t\t\t\t<input type=\"submit\" value=\"Restablecer Contrase\u00f1a\" class=\"um-button\" id=\"um-submit-btn\" \/>\r\n\t\t\t\t\t<\/div>\r\n\r\n\t\t\t\t\t<div class=\"um-clear\"><\/div>\r\n\r\n\t\t\t\t<\/div>\r\n\r\n\t\t\t\t\t\t<input type=\"hidden\" name=\"form_id\" id=\"form_id_um_password_id\" value=\"um_password_id\" \/>\r\n\t\r\n\t<p class=\"um_request_name\">\r\n\t\t<label for=\"um_request_um_password_id\">Only fill in if you are not human<\/label>\r\n\t\t<input type=\"hidden\" name=\"um_request\" id=\"um_request_um_password_id\" class=\"input\" value=\"\" size=\"25\" autocomplete=\"off\" \/>\r\n\t<\/p>\r\n\r\n\t\t\t<\/form>\r\n\t<\/div>\r\n<\/div><style type=\"text\/css\">\r\n.um-um_password_id.um {\r\n\tmax-width: 450px;\r\n}<\/style>\r\n\n","protected":false},"excerpt":{"rendered":"<p>&nbsp;<\/p>\n","protected":false},"author":1,"featured_media":0,"parent":0,"menu_order":0,"comment_status":"closed","ping_status":"closed","template":"fullwidth.php","meta":[],"categories":[],"tags":[],"yoast_head":"<!-- This site is optimized with the Yoast SEO plugin v15.5 - https:\/\/yoast.com\/wordpress\/plugins\/seo\/ -->\n<title>Gesti\u00f3n de Crisis<\/title>\n<meta name=\"robots\" content=\"index, follow, max-snippet:-1, max-image-preview:large, max-video-preview:-1\" \/>\n<link rel=\"canonical\" href=\"https:\/\/www.asobancaria.com\/web-de-crisis\/recuperar-contrasena\/\" \/>\n<meta property=\"og:locale\" content=\"es_ES\" \/>\n<meta property=\"og:type\" content=\"article\" \/>\n<meta property=\"og:title\" content=\"Gesti\u00f3n de Crisis\" \/>\n<meta property=\"og:description\" content=\"&nbsp;\" \/>\n<meta property=\"og:url\" content=\"https:\/\/www.asobancaria.com\/web-de-crisis\/recuperar-contrasena\/\" \/>\n<meta property=\"og:site_name\" content=\"Frentes de Seguridad\" \/>\n<meta property=\"article:modified_time\" content=\"2020-09-16T21:16:51+00:00\" \/>\n<meta name=\"twitter:card\" content=\"summary_large_image\" \/>\n<meta name=\"twitter:label1\" content=\"Est. reading time\">\n\t<meta name=\"twitter:data1\" content=\"0 minutos\">\n<script type=\"application\/ld+json\" class=\"yoast-schema-graph\">{\"@context\":\"https:\/\/schema.org\",\"@graph\":[{\"@type\":\"WebSite\",\"@id\":\"https:\/\/www.asobancaria.com\/web-de-crisis\/#website\",\"url\":\"https:\/\/www.asobancaria.com\/web-de-crisis\/\",\"name\":\"Frentes de Seguridad\",\"description\":\"Asobancaria\",\"potentialAction\":[{\"@type\":\"SearchAction\",\"target\":\"https:\/\/www.asobancaria.com\/web-de-crisis\/?s={search_term_string}\",\"query-input\":\"required name=search_term_string\"}],\"inLanguage\":\"es-CO\"},{\"@type\":\"WebPage\",\"@id\":\"https:\/\/www.asobancaria.com\/web-de-crisis\/recuperar-contrasena\/#webpage\",\"url\":\"https:\/\/www.asobancaria.com\/web-de-crisis\/recuperar-contrasena\/\",\"name\":\"Gesti\\u00f3n de Crisis\",\"isPartOf\":{\"@id\":\"https:\/\/www.asobancaria.com\/web-de-crisis\/#website\"},\"datePublished\":\"2020-09-16T20:00:22+00:00\",\"dateModified\":\"2020-09-16T21:16:51+00:00\",\"inLanguage\":\"es-CO\",\"potentialAction\":[{\"@type\":\"ReadAction\",\"target\":[\"https:\/\/www.asobancaria.com\/web-de-crisis\/recuperar-contrasena\/\"]}]}]}<\/script>\n<!-- \/ Yoast SEO plugin. -->","acf":[],"_links":{"self":[{"href":"https:\/\/www.asobancaria.com\/web-de-crisis\/wp-json\/wp\/v2\/pages\/1246"}],"collection":[{"href":"https:\/\/www.asobancaria.com\/web-de-crisis\/wp-json\/wp\/v2\/pages"}],"about":[{"href":"https:\/\/www.asobancaria.com\/web-de-crisis\/wp-json\/wp\/v2\/types\/page"}],"author":[{"embeddable":true,"href":"https:\/\/www.asobancaria.com\/web-de-crisis\/wp-json\/wp\/v2\/users\/1"}],"replies":[{"embeddable":true,"href":"https:\/\/www.asobancaria.com\/web-de-crisis\/wp-json\/wp\/v2\/comments?post=1246"}],"version-history":[{"count":2,"href":"https:\/\/www.asobancaria.com\/web-de-crisis\/wp-json\/wp\/v2\/pages\/1246\/revisions"}],"predecessor-version":[{"id":1250,"href":"https:\/\/www.asobancaria.com\/web-de-crisis\/wp-json\/wp\/v2\/pages\/1246\/revisions\/1250"}],"wp:attachment":[{"href":"https:\/\/www.asobancaria.com\/web-de-crisis\/wp-json\/wp\/v2\/media?parent=1246"}],"wp:term":[{"taxonomy":"category","embeddable":true,"href":"https:\/\/www.asobancaria.com\/web-de-crisis\/wp-json\/wp\/v2\/categories?post=1246"},{"taxonomy":"post_tag","embeddable":true,"href":"https:\/\/www.asobancaria.com\/web-de-crisis\/wp-json\/wp\/v2\/tags?post=1246"}],"curies":[{"name":"wp","href":"https:\/\/api.w.org\/{rel}","templated":true}]}}