{"id":6099,"date":"2024-07-15T14:42:34","date_gmt":"2024-07-15T14:42:34","guid":{"rendered":"http:\/\/www.asobancaria.com\/leasingnew\/?page_id=6099"},"modified":"2026-01-22T13:39:46","modified_gmt":"2026-01-22T13:39:46","slug":"costumbre-mercantil","status":"publish","type":"page","link":"https:\/\/www.asobancaria.com\/leasing\/costumbre-mercantil\/","title":{"rendered":"Costumbre Mercantil"},"content":{"rendered":"\t\t<div data-elementor-type=\"wp-page\" data-elementor-id=\"6099\" class=\"elementor elementor-6099\">\n\t\t\t\t\t\t<section class=\"elementor-section elementor-top-section elementor-element elementor-element-055c81e elementor-section-boxed elementor-section-height-default elementor-section-height-default\" data-id=\"055c81e\" data-element_type=\"section\" data-settings=\"{&quot;background_background&quot;:&quot;classic&quot;}\">\n\t\t\t\t\t\t\t<div class=\"elementor-background-overlay\"><\/div>\n\t\t\t\t\t\t\t<div class=\"elementor-container elementor-column-gap-no\">\n\t\t\t\t\t<div class=\"elementor-column elementor-col-100 elementor-top-column elementor-element elementor-element-7644501\" data-id=\"7644501\" data-element_type=\"column\">\n\t\t\t<div class=\"elementor-widget-wrap elementor-element-populated\">\n\t\t\t\t\t\t<div class=\"elementor-element elementor-element-64c3382 elementor-widget elementor-widget-bings-breadcrumb\" data-id=\"64c3382\" data-element_type=\"widget\" data-widget_type=\"bings-breadcrumb.default\">\n\t\t\t\t<div class=\"elementor-widget-container\">\n\t\t\t    <div class=\"bi-breadcrumbs-content headline ul-li text-center\">\r\n\t\t<h1 class=\"page-heading\">Costumbre Mercantil<\/h1>\r\n        <ul>\r\n            <li class=\"breadcrumb-item\"><a href=\"https:\/\/www.asobancaria.com\/leasing\/\">Inicio &nbsp;<\/a><\/li><li class=\"breadcrumb-item\"><a href=\"https:\/\/www.asobancaria.com\/leasing\/costumbre-mercantil\/\"><\/a><\/li>        <\/ul>\r\n    <\/div>\r\n    \t\t<\/div>\n\t\t\t\t<\/div>\n\t\t\t\t\t<\/div>\n\t\t<\/div>\n\t\t\t\t\t<\/div>\n\t\t<\/section>\n\t\t\t\t<section class=\"elementor-section elementor-top-section elementor-element elementor-element-7a0c232 elementor-section-boxed elementor-section-height-default elementor-section-height-default\" data-id=\"7a0c232\" data-element_type=\"section\" data-settings=\"{&quot;background_background&quot;:&quot;classic&quot;}\">\n\t\t\t\t\t\t<div class=\"elementor-container elementor-column-gap-default\">\n\t\t\t\t\t<div class=\"elementor-column elementor-col-50 elementor-top-column elementor-element elementor-element-b7f141e\" data-id=\"b7f141e\" data-element_type=\"column\">\n\t\t\t<div class=\"elementor-widget-wrap elementor-element-populated\">\n\t\t\t\t\t\t<div class=\"elementor-element elementor-element-6c6b314 elementor-widget elementor-widget-bin-section-title\" data-id=\"6c6b314\" data-element_type=\"widget\" data-widget_type=\"bin-section-title.default\">\n\t\t\t\t<div class=\"elementor-widget-container\">\n\t\t\t\t\t\t\t<div class=\"section-title-8-wrap mb-55 align\">\n\t\t\t\t\t\t\t\t<h2 class=\"section-title-8 tx-split-text split-in-down\" >Costumbre Mercantil<\/h2>\n\t\t\t<\/div>\n\t\t\t    \t\t<\/div>\n\t\t\t\t<\/div>\n\t\t\t\t<div class=\"elementor-element elementor-element-3ef58dc elementor-widget elementor-widget-text-editor\" data-id=\"3ef58dc\" data-element_type=\"widget\" data-widget_type=\"text-editor.default\">\n\t\t\t\t<div class=\"elementor-widget-container\">\n\t\t\t\t\t\t\t<p>Actualmente se encuentran registradas en la C\u00e1mara de Comercio de Bogot\u00e1, dos costumbres mercantiles relacionadas con el contrato de leasing, a saber:<\/p>\t\t\t\t\t\t<\/div>\n\t\t\t\t<\/div>\n\t\t\t\t\t<\/div>\n\t\t<\/div>\n\t\t\t\t<div class=\"elementor-column elementor-col-50 elementor-top-column elementor-element elementor-element-754693e\" data-id=\"754693e\" data-element_type=\"column\">\n\t\t\t<div class=\"elementor-widget-wrap elementor-element-populated\">\n\t\t\t\t\t\t<div class=\"elementor-element elementor-element-083c638 elementor-widget elementor-widget-bin-testimonial-7\" data-id=\"083c638\" data-element_type=\"widget\" data-widget_type=\"bin-testimonial-7.default\">\n\t\t\t\t<div class=\"elementor-widget-container\">\n\t\t\t      <div class=\"hpt-testimonial-8-item mb-40 wow fadeInRight\">\r\n            <div class=\"img-wrap\">\r\n                <div class=\"img\">\r\n                    <img decoding=\"async\" src=\"https:\/\/www.asobancaria.com\/leasing\/wp-content\/uploads\/2024\/07\/Diseno-sin-titulo-2.png\" alt=\"\">\r\n                <\/div>\r\n            <\/div>\r\n            <div class=\"content-wrap\">\r\n                <p class=\"text\">\r\n                    Es costumbre mercantil en el contrato de leasing que el locatario o arrendatario pueda ejercer frente al proveedor los derechos derivados de la compraventa.                 <\/p>\r\n                <a class=\"parson-name\"  href=\"#\">\r\n                                    <span><\/span>\r\n                <\/a>\r\n            <\/div>\r\n        <\/div>\r\n    \t\t<\/div>\n\t\t\t\t<\/div>\n\t\t\t\t<div class=\"elementor-element elementor-element-a0413db elementor-widget elementor-widget-bin-testimonial-7\" data-id=\"a0413db\" data-element_type=\"widget\" data-widget_type=\"bin-testimonial-7.default\">\n\t\t\t\t<div class=\"elementor-widget-container\">\n\t\t\t      <div class=\"hpt-testimonial-8-item mb-40 wow fadeInRight\">\r\n            <div class=\"img-wrap\">\r\n                <div class=\"img\">\r\n                    <img decoding=\"async\" src=\"https:\/\/www.asobancaria.com\/leasing\/wp-content\/uploads\/2024\/07\/Diseno-sin-titulo-3.png\" alt=\"\">\r\n                <\/div>\r\n            <\/div>\r\n            <div class=\"content-wrap\">\r\n                <p class=\"text\">\r\n                    Es costumbre mercantil contratar un seguro que ampare contra toda clase de riesgos los bienes dados en leasing, seguro en el cual el beneficiario es la compa\u00f1\u00eda de financiamiento o banco comercial que realiza la operaci\u00f3n. La prima del seguro debe ser pagada por el locatario y cuando \u00e9ste es contratado por la Entidad Financiera, el monto de la prima debe adicionarse al valor del contrato de leasing.                <\/p>\r\n                <a class=\"parson-name\"  href=\"#\">\r\n                                    <span><\/span>\r\n                <\/a>\r\n            <\/div>\r\n        <\/div>\r\n    \t\t<\/div>\n\t\t\t\t<\/div>\n\t\t\t\t\t<\/div>\n\t\t<\/div>\n\t\t\t\t\t<\/div>\n\t\t<\/section>\n\t\t\t\t<\/div>\n\t\t","protected":false},"excerpt":{"rendered":"<p>Costumbre Mercantil Inicio &nbsp; Costumbre Mercantil Actualmente se encuentran registradas en la C&aacute;mara de Comercio de Bogot&aacute;, dos costumbres mercantiles relacionadas con el contrato de leasing, a saber: Es costumbre mercantil en el contrato de leasing que el locatario o arrendatario pueda ejercer frente al proveedor los derechos derivados de la compraventa. Es costumbre mercantil [&hellip;]<\/p>\n","protected":false},"author":1,"featured_media":0,"parent":0,"menu_order":0,"comment_status":"closed","ping_status":"closed","template":"invite-template.php","meta":{"inline_featured_image":false,"footnotes":""},"_links":{"self":[{"href":"https:\/\/www.asobancaria.com\/leasing\/wp-json\/wp\/v2\/pages\/6099"}],"collection":[{"href":"https:\/\/www.asobancaria.com\/leasing\/wp-json\/wp\/v2\/pages"}],"about":[{"href":"https:\/\/www.asobancaria.com\/leasing\/wp-json\/wp\/v2\/types\/page"}],"author":[{"embeddable":true,"href":"https:\/\/www.asobancaria.com\/leasing\/wp-json\/wp\/v2\/users\/1"}],"replies":[{"embeddable":true,"href":"https:\/\/www.asobancaria.com\/leasing\/wp-json\/wp\/v2\/comments?post=6099"}],"version-history":[{"count":61,"href":"https:\/\/www.asobancaria.com\/leasing\/wp-json\/wp\/v2\/pages\/6099\/revisions"}],"predecessor-version":[{"id":7222,"href":"https:\/\/www.asobancaria.com\/leasing\/wp-json\/wp\/v2\/pages\/6099\/revisions\/7222"}],"wp:attachment":[{"href":"https:\/\/www.asobancaria.com\/leasing\/wp-json\/wp\/v2\/media?parent=6099"}],"curies":[{"name":"wp","href":"https:\/\/api.w.org\/{rel}","templated":true}]}}